{"id":2,"date":"2026-01-17T23:35:16","date_gmt":"2026-01-17T23:35:16","guid":{"rendered":"http:\/\/calendrier.online\/?page_id=2"},"modified":"2026-01-18T21:10:01","modified_gmt":"2026-01-18T21:10:01","slug":"2-2","status":"publish","type":"page","link":"https:\/\/calendrier.online\/","title":{"rendered":""},"content":{"rendered":"\t\t<div data-elementor-type=\"wp-page\" data-elementor-id=\"2\" class=\"elementor elementor-2\">\n\t\t\t\t<div class=\"elementor-element elementor-element-96f6ca4 e-flex e-con-boxed e-con e-parent\" data-id=\"96f6ca4\" data-element_type=\"container\">\n\t\t\t\t\t<div class=\"e-con-inner\">\n\t\t\t\t<div class=\"elementor-element elementor-element-6497196 elementor-widget elementor-widget-html\" data-id=\"6497196\" data-element_type=\"widget\" data-widget_type=\"html.default\">\n\t\t\t\t\t<script async src=\"https:\/\/pagead2.googlesyndication.com\/pagead\/js\/adsbygoogle.js?client=ca-pub-5163431140191865\"\r\n     crossorigin=\"anonymous\"><\/script>\t\t\t\t<\/div>\n\t\t\t\t\t<\/div>\n\t\t\t\t<\/div>\n\t\t<div class=\"elementor-element elementor-element-a8ed3c0 e-flex e-con-boxed e-con e-parent\" data-id=\"a8ed3c0\" data-element_type=\"container\">\n\t\t\t\t\t<div class=\"e-con-inner\">\n\t\t\t\t<div class=\"elementor-element elementor-element-4aead01 elementor-widget__width-initial elementor-widget elementor-widget-custif_iframe_widget\" data-id=\"4aead01\" data-element_type=\"widget\" data-widget_type=\"custif_iframe_widget.default\">\n\t\t\t\t<div class=\"elementor-widget-container\">\n\t\t\t\t\t\t\t<div class=\"custif-iframe-wrapper\" id=\"custif-iframe-4aead01\">\n\t\t\t\t\t\t\t\t\t\t\t\t<iframe scrolling=\"yes\" data-auto-height=\"no\" data-refresh-interval=\"0\" loading=\"lazy\" src=\"https:\/\/chrono-compass-web.lovable.app\"><\/iframe>\t\t\t\t\t\t\t\t\t\t<\/div>\n\t\t\t\t\t\t<\/div>\n\t\t\t\t<\/div>\n\t\t\t\t<div class=\"elementor-element elementor-element-a5e0c16 elementor-widget elementor-widget-html\" data-id=\"a5e0c16\" data-element_type=\"widget\" data-widget_type=\"html.default\">\n\t\t\t\t\t<script async src=\"https:\/\/pagead2.googlesyndication.com\/pagead\/js\/adsbygoogle.js?client=ca-pub-5163431140191865\"\r\n     crossorigin=\"anonymous\"><\/script>\t\t\t\t<\/div>\n\t\t\t\t<div class=\"elementor-element elementor-element-708fab2 elementor-widget elementor-widget-text-editor\" data-id=\"708fab2\" data-element_type=\"widget\" data-widget_type=\"text-editor.default\">\n\t\t\t\t\t\t\t\t\t<div class=\"elementor-element elementor-element-71e03d3 e-flex e-con-boxed e-con e-parent e-lazyloaded\" style=\"margin: 0px; padding: 0px; border: 0px rgba(0, 0, 0, 0); font-variant-numeric: inherit; font-variant-east-asian: inherit; font-variant-alternates: inherit; font-variant-position: inherit; font-variant-emoji: inherit; font-stretch: inherit; font-size: 20px; line-height: inherit; font-family: quicksand, Helvetica, Arial, sans-serif; font-optical-sizing: inherit; font-size-adjust: inherit; font-kerning: inherit; font-feature-settings: inherit; font-variation-settings: inherit; font-language-override: inherit; vertical-align: baseline; --flex-wrap: initial; --justify-content: initial; --align-items: initial; --align-content: initial; --gap: 20px 20px; --flex-basis: auto; --flex-grow: 0; --flex-shrink: 1; --order: initial; --align-self: initial; align-self: auto; flex: 0 1 auto; order: 0; --border-radius: 0; --border-top-width: 0px; --border-right-width: 0px; --border-bottom-width: 0px; --border-left-width: 0px; --border-style: initial; --border-color: initial; --container-widget-width: 100%; --container-widget-height: initial; --container-widget-flex-grow: 0; --container-widget-align-self: initial; --content-width: min(100%,1140px); --width: 100%; --min-height: initial; --height: auto; --text-align: initial; --margin-top: 0px; --margin-right: auto; --margin-bottom: 0px; --margin-left: auto; --padding-top: 10px; --padding-right: 10px; --padding-bottom: 10px; --padding-left: 10px; --position: relative; --z-index: revert; --overflow: visible; --row-gap: 20px; --column-gap: 20px; --overlay-mix-blend-mode: initial; --overlay-opacity: 1; --overlay-transition: 0.3s; --e-con-grid-template-columns: repeat(3,1fr); --e-con-grid-template-rows: repeat(2,1fr); border-radius: 0px; height: auto; min-height: auto; overflow: visible; position: relative; width: 100%; z-index: auto; --flex-wrap-mobile: wrap; transition: background 0.3s, border 0.3s, box-shadow 0.3s, transform 0.4s; --margin-block-start: 0px; --margin-block-end: 0px; --margin-inline-start: auto; --margin-inline-end: auto; --padding-inline-start: 10px; --padding-inline-end: 10px; --padding-block-start: 10px; --padding-block-end: 10px; --border-block-start-width: 0px; --border-block-end-width: 0px; --border-inline-start-width: 0px; --border-inline-end-width: 0px; margin-block: 0px; margin-inline: auto; padding-inline: 10px; display: flex; text-align: start; --container-max-width: 1140px; --widgets-spacing: 20px 20px; --widgets-spacing-row: 20px; --widgets-spacing-column: 20px; max-width: 100%; --display: flex; color: #000000; letter-spacing: normal;\" data-id=\"71e03d3\" data-element_type=\"container\"><div class=\"e-con-inner\" style=\"padding: 0px; border: 0px rgba(0, 0, 0, 0); font: inherit; vertical-align: baseline; padding-block: 10px; text-align: start; display: flex; gap: 20px; height: 69.2667px; max-width: min(100%, 1140px); width: 1140px; flex-flow: column; place-content: normal; align-items: normal;\"><div class=\"elementor-element elementor-element-4f7856c elementor-widget elementor-widget-heading\" style=\"margin: 0px; padding: 0px; border: 0px rgba(0, 0, 0, 0); font: inherit; vertical-align: baseline; align-self: auto; flex: 0 1 auto; order: 0; place-content: normal; align-items: normal; flex-flow: row; gap: 20px; --widgets-spacing: 20px 20px; --widgets-spacing-row: 20px; --widgets-spacing-column: 20px; transition: background 0.3s, border 0.3s, border-radius 0.3s, box-shadow 0.3s, transform 0.4s;\" data-id=\"4f7856c\" data-element_type=\"widget\" data-widget_type=\"heading.default\"><h2 class=\"elementor-heading-title elementor-size-default\" style=\"border: 0px rgba(0, 0, 0, 0); font-style: inherit; font-variant: inherit; font-weight: 600; font-stretch: inherit; font-size: 28px; line-height: 45px; font-family: Roboto, sans-serif; font-optical-sizing: inherit; font-size-adjust: inherit; font-kerning: inherit; font-feature-settings: inherit; font-variation-settings: inherit; font-language-override: inherit; vertical-align: baseline; color: #6ec1e4; text-transform: uppercase; letter-spacing: 2.8px;\"><span style=\"margin: 0px; padding: 0px; border: 0px rgba(0, 0, 0, 0); font-style: inherit; font-variant: inherit; font-weight: inherit; font-stretch: inherit; font-size: 12pt; line-height: inherit; font-family: inherit; font-optical-sizing: inherit; font-size-adjust: inherit; font-kerning: inherit; font-feature-settings: inherit; font-variation-settings: inherit; font-language-override: inherit; vertical-align: baseline;\">Calculateur de dur\u00e9e : calculer la diff\u00e9rence entre deux dates<\/span><\/h2><\/div><\/div><\/div><div class=\"elementor-element elementor-element-0f73a3d e-flex e-con-boxed e-con e-parent e-lazyloaded\" style=\"margin: 0px; padding: 0px; border: 0px rgba(0, 0, 0, 0); font-variant-numeric: inherit; font-variant-east-asian: inherit; font-variant-alternates: inherit; font-variant-position: inherit; font-variant-emoji: inherit; font-stretch: inherit; font-size: 20px; line-height: inherit; font-family: quicksand, Helvetica, Arial, sans-serif; font-optical-sizing: inherit; font-size-adjust: inherit; font-kerning: inherit; font-feature-settings: inherit; font-variation-settings: inherit; font-language-override: inherit; vertical-align: baseline; --flex-wrap: initial; --justify-content: initial; --align-items: initial; --align-content: initial; --gap: 20px 20px; --flex-basis: auto; --flex-grow: 0; --flex-shrink: 1; --order: initial; --align-self: initial; align-self: auto; flex: 0 1 auto; order: 0; --border-radius: 0; --border-top-width: 0px; --border-right-width: 0px; --border-bottom-width: 0px; --border-left-width: 0px; --border-style: initial; --border-color: initial; --container-widget-width: 100%; --container-widget-height: initial; --container-widget-flex-grow: 0; --container-widget-align-self: initial; --content-width: min(100%,1140px); --width: 100%; --min-height: initial; --height: auto; --text-align: initial; --margin-top: 0px; --margin-right: auto; --margin-bottom: 0px; --margin-left: auto; --padding-top: 10px; --padding-right: 10px; --padding-bottom: 10px; --padding-left: 10px; --position: relative; --z-index: revert; --overflow: visible; --row-gap: 20px; --column-gap: 20px; --overlay-mix-blend-mode: initial; --overlay-opacity: 1; --overlay-transition: 0.3s; --e-con-grid-template-columns: repeat(3,1fr); --e-con-grid-template-rows: repeat(2,1fr); border-radius: 0px; height: auto; min-height: auto; overflow: visible; position: relative; width: 100%; z-index: auto; --flex-wrap-mobile: wrap; transition: background 0.3s, border 0.3s, box-shadow 0.3s, transform 0.4s; --margin-block-start: 0px; --margin-block-end: 0px; --margin-inline-start: auto; --margin-inline-end: auto; --padding-inline-start: 10px; --padding-inline-end: 10px; --padding-block-start: 10px; --padding-block-end: 10px; --border-block-start-width: 0px; --border-block-end-width: 0px; --border-inline-start-width: 0px; --border-inline-end-width: 0px; margin-block: 0px; margin-inline: auto; padding-inline: 10px; display: flex; text-align: start; --container-max-width: 1140px; --widgets-spacing: 20px 20px; --widgets-spacing-row: 20px; --widgets-spacing-column: 20px; max-width: 100%; --display: flex; color: #000000; letter-spacing: normal;\" data-id=\"0f73a3d\" data-element_type=\"container\"><div class=\"e-con-inner\" style=\"padding: 0px; border: 0px rgba(0, 0, 0, 0); font: inherit; vertical-align: baseline; padding-block: 10px; text-align: start; display: flex; gap: 20px; height: 515.6px; max-width: min(100%, 1140px); width: 1140px; flex-flow: column; place-content: normal; align-items: normal;\"><div class=\"elementor-element elementor-element-369eed7 elementor-widget elementor-widget-text-editor\" style=\"margin: 0px; padding: 0px; border: 0px rgba(0, 0, 0, 0); font-style: inherit; font-variant: inherit; font-weight: 400; font-stretch: inherit; font-size: inherit; line-height: inherit; font-family: Roboto, sans-serif; font-optical-sizing: inherit; font-size-adjust: inherit; font-kerning: inherit; font-feature-settings: inherit; font-variation-settings: inherit; font-language-override: inherit; vertical-align: baseline; align-self: auto; flex: 0 1 auto; order: 0; place-content: normal; align-items: normal; flex-flow: row; gap: 20px 0px; --widgets-spacing: 20px 20px; --widgets-spacing-row: 20px; --widgets-spacing-column: 20px; color: #7a7a7a; transition: background 0.3s, border 0.3s, border-radius 0.3s, box-shadow 0.3s, transform 0.4s;\" data-id=\"369eed7\" data-element_type=\"widget\" data-widget_type=\"text-editor.default\"><p class=\"MsoNormal\" style=\"margin: 0.85em 0px; padding: 0px; border: 0px rgba(0, 0, 0, 0); font-style: inherit; font-variant: inherit; font-weight: inherit; font-stretch: inherit; font-size: 21px; line-height: 1.4em; font-family: inherit; font-optical-sizing: inherit; font-size-adjust: inherit; font-kerning: inherit; font-feature-settings: inherit; font-variation-settings: inherit; font-language-override: inherit; vertical-align: baseline; text-align: justify;\">Calendrier en ligne : recherchez une date, calculez une dur\u00e9e et consultez les jours f\u00e9ri\u00e9s<\/p><p class=\"MsoNormal\" style=\"margin: 0.85em 0px; padding: 0px; border: 0px rgba(0, 0, 0, 0); font-style: inherit; font-variant: inherit; font-weight: inherit; font-stretch: inherit; font-size: 21px; line-height: 1.4em; font-family: inherit; font-optical-sizing: inherit; font-size-adjust: inherit; font-kerning: inherit; font-feature-settings: inherit; font-variation-settings: inherit; font-language-override: inherit; vertical-align: baseline; text-align: justify;\">Vous cherchez un calendrier en ligne complet, simple et rapide, pour trouver une date, v\u00e9rifier un jour de la semaine, pr\u00e9parer un \u00e9v\u00e9nement ou calculer le nombre de jours entre deux dates ?<\/p><p class=\"MsoNormal\" style=\"margin: 0.85em 0px; padding: 0px; border: 0px rgba(0, 0, 0, 0); font-style: inherit; font-variant: inherit; font-weight: inherit; font-stretch: inherit; font-size: 21px; line-height: 1.4em; font-family: inherit; font-optical-sizing: inherit; font-size-adjust: inherit; font-kerning: inherit; font-feature-settings: inherit; font-variation-settings: inherit; font-language-override: inherit; vertical-align: baseline; text-align: justify;\">Notre plateforme r\u00e9unit tout ce dont vous avez besoin : un calendrier des 5 prochaines ann\u00e9es, un moteur de recherche de dates, un calculateur de dur\u00e9e, la liste des jours f\u00e9ri\u00e9s, ainsi qu\u2019un calendrier lunaire clair et pratique.<\/p><p class=\"MsoNormal\" style=\"margin: 0.85em 0px; padding: 0px; border: 0px rgba(0, 0, 0, 0); font-style: inherit; font-variant: inherit; font-weight: inherit; font-stretch: inherit; font-size: 21px; line-height: 1.4em; font-family: inherit; font-optical-sizing: inherit; font-size-adjust: inherit; font-kerning: inherit; font-feature-settings: inherit; font-variation-settings: inherit; font-language-override: inherit; vertical-align: baseline; text-align: justify;\">Que votre besoin soit professionnel (planning, gestion de projet) ou personnel (vacances, rendez-vous, organisation familiale), vous pouvez acc\u00e9der en quelques clics \u00e0 toutes les informations essentielles du calendrier, sur ordinateur comme sur mobile.<\/p><p class=\"MsoNormal\" style=\"margin: 0.85em 0px; padding: 0px; border: 0px rgba(0, 0, 0, 0); font-style: inherit; font-variant: inherit; font-weight: inherit; font-stretch: inherit; font-size: 21px; line-height: 1.4em; font-family: inherit; font-optical-sizing: inherit; font-size-adjust: inherit; font-kerning: inherit; font-feature-settings: inherit; font-variation-settings: inherit; font-language-override: inherit; vertical-align: baseline; text-align: justify;\">Utilisez d\u00e8s maintenant notre calendrier en ligne : recherchez une date, calculez une dur\u00e9e entre deux dates, consultez les jours f\u00e9ri\u00e9s et le calendrier lunaire en quelques clics.<\/p><\/div><\/div><\/div>\t\t\t\t\t\t\t\t<\/div>\n\t\t\t\t\t<\/div>\n\t\t\t\t<\/div>\n\t\t<div class=\"elementor-element elementor-element-e80b1a4 e-flex e-con-boxed e-con e-parent\" data-id=\"e80b1a4\" data-element_type=\"container\">\n\t\t\t\t\t<div class=\"e-con-inner\">\n\t\t\t\t<div class=\"elementor-element elementor-element-18f64fd elementor-widget elementor-widget-html\" data-id=\"18f64fd\" data-element_type=\"widget\" data-widget_type=\"html.default\">\n\t\t\t\t\t<script async src=\"https:\/\/pagead2.googlesyndication.com\/pagead\/js\/adsbygoogle.js?client=ca-pub-5163431140191865\"\r\n     crossorigin=\"anonymous\"><\/script>\t\t\t\t<\/div>\n\t\t\t\t\t<\/div>\n\t\t\t\t<\/div>\n\t\t\t\t<\/div>\n\t\t","protected":false},"excerpt":{"rendered":"<p>Calculateur de dur\u00e9e : calculer la diff\u00e9rence entre deux dates Calendrier en ligne : recherchez une date, calculez une dur\u00e9e et consultez les jours f\u00e9ri\u00e9s Vous cherchez un calendrier en ligne complet, simple et rapide, pour trouver une date, v\u00e9rifier un jour de la semaine, pr\u00e9parer un \u00e9v\u00e9nement ou calculer le nombre de jours entre [&hellip;]<\/p>\n","protected":false},"author":1,"featured_media":0,"parent":0,"menu_order":0,"comment_status":"closed","ping_status":"closed","template":"","meta":{"footnotes":""},"class_list":["post-2","page","type-page","status-publish","hentry"],"_links":{"self":[{"href":"https:\/\/calendrier.online\/index.php?rest_route=\/wp\/v2\/pages\/2","targetHints":{"allow":["GET"]}}],"collection":[{"href":"https:\/\/calendrier.online\/index.php?rest_route=\/wp\/v2\/pages"}],"about":[{"href":"https:\/\/calendrier.online\/index.php?rest_route=\/wp\/v2\/types\/page"}],"author":[{"embeddable":true,"href":"https:\/\/calendrier.online\/index.php?rest_route=\/wp\/v2\/users\/1"}],"replies":[{"embeddable":true,"href":"https:\/\/calendrier.online\/index.php?rest_route=%2Fwp%2Fv2%2Fcomments&post=2"}],"version-history":[{"count":10,"href":"https:\/\/calendrier.online\/index.php?rest_route=\/wp\/v2\/pages\/2\/revisions"}],"predecessor-version":[{"id":22,"href":"https:\/\/calendrier.online\/index.php?rest_route=\/wp\/v2\/pages\/2\/revisions\/22"}],"wp:attachment":[{"href":"https:\/\/calendrier.online\/index.php?rest_route=%2Fwp%2Fv2%2Fmedia&parent=2"}],"curies":[{"name":"wp","href":"https:\/\/api.w.org\/{rel}","templated":true}]}}